{"id":472,"date":"2021-10-01T10:25:15","date_gmt":"2021-10-01T07:25:15","guid":{"rendered":"https:\/\/robozone.ro\/?post_type=product&#038;p=472"},"modified":"2026-04-07T11:20:04","modified_gmt":"2026-04-07T08:20:04","slug":"robot-4wd-smart-car-learning-cu-ai-vision-features-compatibil-cu-raspberry-pi-4b","status":"publish","type":"product","link":"https:\/\/smartrobot.ro\/en\/product\/robot-4wd-smart-car-learning-cu-ai-vision-features-compatibil-cu-raspberry-pi-4b\/","title":{"rendered":"4WD smart robot with AI vision features for Raspberry Pi 4B"},"content":{"rendered":"<p>[et_pb_section fb_built=&#8221;1&#8243; _builder_version=&#8221;3.22&#8243; custom_padding=&#8221;0px||||false|false&#8221; global_colors_info=&#8221;{}&#8221;][et_pb_row _builder_version=&#8221;3.25&#8243; background_size=&#8221;initial&#8221; background_position=&#8221;top_left&#8221; background_repeat=&#8221;repeat&#8221; width=&#8221;100%&#8221; custom_padding=&#8221;0px||0px||false|false&#8221; global_colors_info=&#8221;{}&#8221;][et_pb_column type=&#8221;4_4&#8243; _builder_version=&#8221;3.25&#8243; custom_padding=&#8221;|||&#8221; global_colors_info=&#8221;{}&#8221; custom_padding__hover=&#8221;|||&#8221;][et_pb_wc_breadcrumb _builder_version=&#8221;3.0.47&#8243; global_colors_info=&#8221;{}&#8221;][\/et_pb_wc_breadcrumb][\/et_pb_column][\/et_pb_row][et_pb_row column_structure=&#8221;1_2,1_2&#8243; _builder_version=&#8221;3.25&#8243; background_size=&#8221;initial&#8221; background_position=&#8221;top_left&#8221; background_repeat=&#8221;repeat&#8221; width=&#8221;100%&#8221; custom_padding=&#8221;0px||||false|false&#8221; global_colors_info=&#8221;{}&#8221;][et_pb_column type=&#8221;1_2&#8243; _builder_version=&#8221;3.25&#8243; custom_padding=&#8221;|||&#8221; global_colors_info=&#8221;{}&#8221; custom_padding__hover=&#8221;|||&#8221;][et_pb_wc_images _builder_version=&#8221;3.0.47&#8243; global_colors_info=&#8221;{}&#8221;][\/et_pb_wc_images][\/et_pb_column][et_pb_column type=&#8221;1_2&#8243; _builder_version=&#8221;3.25&#8243; custom_padding=&#8221;|||&#8221; global_colors_info=&#8221;{}&#8221; custom_padding__hover=&#8221;|||&#8221;][et_pb_wc_title _builder_version=&#8221;3.0.47&#8243; global_colors_info=&#8221;{}&#8221;][\/et_pb_wc_title][et_pb_wc_rating _builder_version=&#8221;3.0.47&#8243; global_colors_info=&#8221;{}&#8221;][\/et_pb_wc_rating][et_pb_wc_price _builder_version=&#8221;3.0.47&#8243; global_colors_info=&#8221;{}&#8221;][\/et_pb_wc_price][et_pb_wc_description _builder_version=&#8221;3.0.47&#8243; global_colors_info=&#8221;{}&#8221;][\/et_pb_wc_description][et_pb_wc_add_to_cart global_colors_info=&#8221;{}&#8221;][\/et_pb_wc_add_to_cart][et_pb_wc_meta _builder_version=&#8221;3.0.47&#8243; global_colors_info=&#8221;{}&#8221;][\/et_pb_wc_meta][\/et_pb_column][\/et_pb_row][et_pb_row _builder_version=&#8221;3.25&#8243; background_size=&#8221;initial&#8221; background_position=&#8221;top_left&#8221; background_repeat=&#8221;repeat&#8221; width=&#8221;100%&#8221; global_colors_info=&#8221;{}&#8221;][et_pb_column type=&#8221;4_4&#8243; _builder_version=&#8221;3.25&#8243; custom_padding=&#8221;|||&#8221; global_colors_info=&#8221;{}&#8221; custom_padding__hover=&#8221;|||&#8221;][et_pb_wc_tabs _builder_version=&#8221;3.0.47&#8243; global_colors_info=&#8221;{}&#8221;]\t\t\t\t\t[\/et_pb_wc_tabs][et_pb_wc_upsells _builder_version=&#8221;3.0.47&#8243; global_colors_info=&#8221;{}&#8221;][\/et_pb_wc_upsells][et_pb_wc_related_products _builder_version=&#8221;3.0.47&#8243; global_colors_info=&#8221;{}&#8221;][\/et_pb_wc_related_products][\/et_pb_column][\/et_pb_row][\/et_pb_section]<\/p>\n","protected":false},"excerpt":{"rendered":"<p>4WD smart robot with AI vision features for <a href=\"https:\/\/smartrobot.ro\/en\/product-category\/raspberry-pi\/\">Raspberry Pi 4B<\/a>.<\/p>","protected":false},"featured_media":1174,"comment_status":"open","ping_status":"closed","template":"","meta":{"_et_pb_use_builder":"on","_et_pb_old_content":"Robotul 4WD Smart Car AI vision este special conceput pentru profesori, studenti sau pasionatii de <a href=\"https:\/\/smartrobot.ro\/categorie-produs\/raspberry-pi\/\">Raspberry Pi<\/a>. Ce il face special pe 4WD este ca se foloseste cea mai recenta plac\u0103 <a href=\"https:\/\/smartrobot.ro\/categorie-produs\/raspberry-pi\/\">Raspberry Pi 4B<\/a> pe post de controler de baza si o camera HD cu doua grade de libertate. Prin re\u021beaua WIFI - 5G a <a href=\"https:\/\/smartrobot.ro\/categorie-produs\/raspberry-pi\/\">Raspberry Pi<\/a> se pot transmite imagini si videoclipuri HD in timp real. Prin intermediul modulului Bluetooth 4.0 de inalta calitate, robotul se poate controla cu aplicatia mobila Android \/ iOS. In plus, in aplicatie, se gasesc o serie de jocuri AI bazate pe OpenCV, cum ar fi detectarea fetei, urmarirea culorilor, recunoasterea gesturilor, detectarea obiectelor etc. Este de mentionat faptul ca robotului i se pot adauga diverse module de senzori si module de comunicatii care il fac diferit de restul robotilor.\r\n\r\n<strong>Caracteristici:<\/strong>\r\n<ul>\r\n \t<li>Acest set de robot este u\u0219or de asamblat \u0219i are \u0219asiu din aliaj de aluminiu, motoare puternice cu patru unit\u0103\u021bi, suport metalic pentru motor \u0219i baterie de \u00eenalt\u0103 calitate.<\/li>\r\n \t<li>Placa de expansiune multifunc\u021bional\u0103 BST-4WD este echipat\u0103 cu interfe\u021be ale diver\u0219ilor senzori \u0219i module de comunica\u021bie \u0219i este compatibil\u0103 cu patru controlere de baz\u0103: Arduino UNO, 51 controlere, STM32 \u0219i <a href=\"https:\/\/smartrobot.ro\/categorie-produs\/raspberry-pi\/\">Raspberry Pi<\/a>.<\/li>\r\n \t<li>Accept\u0103 func\u021bii multiple: c\u0103utare inteligent\u0103 a luminii, urm\u0103rire, evitarea obstacolelor cu ultrasunete, stinge focul cu un ventilator etc.<\/li>\r\n \t<li>Suport\u0103 mai multe func\u021bii AI: detectarea fe\u021bei, urm\u0103rirea culorilor, recunoa\u0219terea obiectului\/gestului\/codul QR etc.\r\nUnele g\u0103uri sunt rezervate \u00een structura extern\u0103 pentru ca utilizatorii s\u0103 se extind\u0103 singuri.<\/li>\r\n \t<li>Utilizatorii pot folosi programarea \u00een limbaj C \u0219i programarea Python.<\/li>\r\n \t<li>Acest robot \u0219i platforma camerei pot fi controlate prin telecomanda APP de pe mobil Android\/iOS. \u0218i <a href=\"https:\/\/smartrobot.ro\/categorie-produs\/raspberry-pi\/\">Raspberry Pi<\/a> vine cu 5G WIFI pentru transmiterea \u00een timp real a videoclipurilor HD.<\/li>\r\n<\/ul>\r\n<strong>Pachetul contine:<\/strong>\r\n<ul>\r\n \t<li>1x 4 channel tracking module;<\/li>\r\n \t<li>1x 4WD expansion board;<\/li>\r\n \t<li>1x ultrasound module;<\/li>\r\n \t<li>1x colorful searchlight;<\/li>\r\n \t<li>1x magic sticker;<\/li>\r\n \t<li>1x 18650 lithium battery pack;<\/li>\r\n \t<li>1x acrylic chassis;<\/li>\r\n \t<li>1x infrared light seeking &amp; obstacle avoidance module;<\/li>\r\n \t<li>1x aluminum alloy chassis;<\/li>\r\n \t<li>4x DC geared motor;<\/li>\r\n \t<li>4x motor fixing bracket;<\/li>\r\n \t<li>1x bluetooth 4.0 module;<\/li>\r\n \t<li>4x tire;<\/li>\r\n \t<li>1x servo package;<\/li>\r\n \t<li>1x motor fan package;<\/li>\r\n \t<li>1x cooper pillar screw and nut package;<\/li>\r\n \t<li>1x 6 pin cable;<\/li>\r\n \t<li>4x 4 pin cable;<\/li>\r\n \t<li>1x 40 pin cable;<\/li>\r\n \t<li>1x screwdriver;<\/li>\r\n \t<li>1x 12.6V charger;<\/li>\r\n \t<li>1x HD camera;<\/li>\r\n \t<li>2x camera servo package;<\/li>\r\n \t<li>1x PTZ bracket package;<\/li>\r\n \t<li>1x camera data cable;<\/li>\r\n \t<li>1x user manual.<\/li>\r\n<\/ul>\r\nDaca alegeti varianta cu placa de baza, in pachet se vor regasi:\r\n<ul>\r\n \t<li>1x Placa de baza <a href=\"https:\/\/smartrobot.ro\/categorie-produs\/raspberry-pi\/\">Raspberry Pi 4B 4GB<\/a>;<\/li>\r\n \t<li>1x 32GB microSD;<\/li>\r\n \t<li>1x heatsink package;<\/li>\r\n \t<li>1x card reader;<\/li>\r\n<\/ul>\r\nDocumentatie robot 4WD car learning: <a href=\"http:\/\/www.yahboom.net\/study\/4wd-Pi\">http:\/\/www.yahboom.net\/study\/4wd-Pi<\/a>\r\n<p style=\"text-align: center\"><strong>FILM PREZENTARE<\/strong><\/p>\r\n[embed]https:\/\/www.youtube.com\/watch?v=IzVH8hI25DA&amp;ab_channel=YahboomTechnology[\/embed]","_et_gb_content_width":""},"product_brand":[],"product_cat":[26],"product_tag":[],"class_list":{"0":"post-472","1":"product","2":"type-product","3":"status-publish","4":"has-post-thumbnail","6":"product_cat-kituri-compatibile-cu-raspberry-pi","7":"product_shipping_class-normal","9":"first","10":"instock","11":"taxable","12":"shipping-taxable","13":"purchasable","14":"product-type-variable"},"yoast_head":"<!-- This site is optimized with the Yoast SEO plugin v27.3 - https:\/\/yoast.com\/product\/yoast-seo-wordpress\/ -->\n<title>Robot 4WD Smart Car AI vision, compatibil cu Raspberry Pi 4B<\/title>\n<meta name=\"description\" content=\"Robot 4WD Smart Car AI vision este special conceput pentru profesori, studenti sau pasionatii de AI. Poate fi controlat cu o placa Raspberry Pi 4B.\" \/>\n<meta name=\"robots\" content=\"index, follow, max-snippet:-1, max-image-preview:large, max-video-preview:-1\" \/>\n<link rel=\"canonical\" href=\"https:\/\/smartrobot.ro\/en\/product\/robot-4wd-smart-car-learning-cu-ai-vision-features-compatibil-cu-raspberry-pi-4b\/\" \/>\n<meta property=\"og:locale\" content=\"en_US\" \/>\n<meta property=\"og:type\" content=\"article\" \/>\n<meta property=\"og:title\" content=\"Robot 4WD Smart Car AI vision, compatibil cu Raspberry Pi 4B\" \/>\n<meta property=\"og:description\" content=\"Robot 4WD Smart Car AI vision este special conceput pentru profesori, studenti sau pasionatii de AI. Poate fi controlat cu o placa Raspberry Pi 4B.\" \/>\n<meta property=\"og:url\" content=\"https:\/\/smartrobot.ro\/en\/product\/robot-4wd-smart-car-learning-cu-ai-vision-features-compatibil-cu-raspberry-pi-4b\/\" \/>\n<meta property=\"og:site_name\" content=\"SmartRobot\" \/>\n<meta property=\"article:publisher\" content=\"https:\/\/www.facebook.com\/smartrbt\" \/>\n<meta property=\"article:modified_time\" content=\"2026-04-07T08:20:04+00:00\" \/>\n<meta property=\"og:image\" content=\"https:\/\/smartrobot.ro\/wp-content\/uploads\/2021\/10\/4WD-Raspberry-PI-Robot-1.jpg\" \/>\n\t<meta property=\"og:image:width\" content=\"800\" \/>\n\t<meta property=\"og:image:height\" content=\"800\" \/>\n\t<meta property=\"og:image:type\" content=\"image\/jpeg\" \/>\n<meta name=\"twitter:card\" content=\"summary_large_image\" \/>\n<script type=\"application\/ld+json\" class=\"yoast-schema-graph\">{\"@context\":\"https:\\\/\\\/schema.org\",\"@graph\":[{\"@type\":\"WebPage\",\"@id\":\"https:\\\/\\\/smartrobot.ro\\\/produs\\\/robot-4wd-smart-car-learning-cu-ai-vision-features-compatibil-cu-raspberry-pi-4b\\\/\",\"url\":\"https:\\\/\\\/smartrobot.ro\\\/produs\\\/robot-4wd-smart-car-learning-cu-ai-vision-features-compatibil-cu-raspberry-pi-4b\\\/\",\"name\":\"Robot 4WD Smart Car AI vision, compatibil cu Raspberry Pi 4B\",\"isPartOf\":{\"@id\":\"https:\\\/\\\/smartrobot.ro\\\/#website\"},\"primaryImageOfPage\":{\"@id\":\"https:\\\/\\\/smartrobot.ro\\\/produs\\\/robot-4wd-smart-car-learning-cu-ai-vision-features-compatibil-cu-raspberry-pi-4b\\\/#primaryimage\"},\"image\":{\"@id\":\"https:\\\/\\\/smartrobot.ro\\\/produs\\\/robot-4wd-smart-car-learning-cu-ai-vision-features-compatibil-cu-raspberry-pi-4b\\\/#primaryimage\"},\"thumbnailUrl\":\"https:\\\/\\\/smartrobot.ro\\\/wp-content\\\/uploads\\\/2021\\\/10\\\/4WD-Raspberry-PI-Robot-1.jpg\",\"datePublished\":\"2021-10-01T07:25:15+00:00\",\"dateModified\":\"2026-04-07T08:20:04+00:00\",\"description\":\"Robot 4WD Smart Car AI vision este special conceput pentru profesori, studenti sau pasionatii de AI. Poate fi controlat cu o placa Raspberry Pi 4B.\",\"breadcrumb\":{\"@id\":\"https:\\\/\\\/smartrobot.ro\\\/produs\\\/robot-4wd-smart-car-learning-cu-ai-vision-features-compatibil-cu-raspberry-pi-4b\\\/#breadcrumb\"},\"inLanguage\":\"en-US\",\"potentialAction\":[{\"@type\":\"ReadAction\",\"target\":[\"https:\\\/\\\/smartrobot.ro\\\/produs\\\/robot-4wd-smart-car-learning-cu-ai-vision-features-compatibil-cu-raspberry-pi-4b\\\/\"]}]},{\"@type\":\"ImageObject\",\"inLanguage\":\"en-US\",\"@id\":\"https:\\\/\\\/smartrobot.ro\\\/produs\\\/robot-4wd-smart-car-learning-cu-ai-vision-features-compatibil-cu-raspberry-pi-4b\\\/#primaryimage\",\"url\":\"https:\\\/\\\/smartrobot.ro\\\/wp-content\\\/uploads\\\/2021\\\/10\\\/4WD-Raspberry-PI-Robot-1.jpg\",\"contentUrl\":\"https:\\\/\\\/smartrobot.ro\\\/wp-content\\\/uploads\\\/2021\\\/10\\\/4WD-Raspberry-PI-Robot-1.jpg\",\"width\":800,\"height\":800},{\"@type\":\"BreadcrumbList\",\"@id\":\"https:\\\/\\\/smartrobot.ro\\\/produs\\\/robot-4wd-smart-car-learning-cu-ai-vision-features-compatibil-cu-raspberry-pi-4b\\\/#breadcrumb\",\"itemListElement\":[{\"@type\":\"ListItem\",\"position\":1,\"name\":\"Prima pagin\u0103\",\"item\":\"https:\\\/\\\/smartrobot.ro\\\/\"},{\"@type\":\"ListItem\",\"position\":2,\"name\":\"Produse\",\"item\":\"https:\\\/\\\/smartrobot.ro\\\/produse\\\/\"},{\"@type\":\"ListItem\",\"position\":3,\"name\":\"Robot 4WD Smart Car AI vision, compatibil cu Raspberry Pi 4B\"}]},{\"@type\":\"WebSite\",\"@id\":\"https:\\\/\\\/smartrobot.ro\\\/#website\",\"url\":\"https:\\\/\\\/smartrobot.ro\\\/\",\"name\":\"SmartRobot\",\"description\":\"One step forward to STEAM education\",\"publisher\":{\"@id\":\"https:\\\/\\\/smartrobot.ro\\\/#organization\"},\"potentialAction\":[{\"@type\":\"SearchAction\",\"target\":{\"@type\":\"EntryPoint\",\"urlTemplate\":\"https:\\\/\\\/smartrobot.ro\\\/?s={search_term_string}\"},\"query-input\":{\"@type\":\"PropertyValueSpecification\",\"valueRequired\":true,\"valueName\":\"search_term_string\"}}],\"inLanguage\":\"en-US\"},{\"@type\":\"Organization\",\"@id\":\"https:\\\/\\\/smartrobot.ro\\\/#organization\",\"name\":\"DIGITAL ECONOMY DEVELOPMENT SRL\",\"url\":\"https:\\\/\\\/smartrobot.ro\\\/\",\"logo\":{\"@type\":\"ImageObject\",\"inLanguage\":\"en-US\",\"@id\":\"https:\\\/\\\/smartrobot.ro\\\/#\\\/schema\\\/logo\\\/image\\\/\",\"url\":\"https:\\\/\\\/smartrobot.ro\\\/wp-content\\\/uploads\\\/2021\\\/10\\\/SiglaSR.png\",\"contentUrl\":\"https:\\\/\\\/smartrobot.ro\\\/wp-content\\\/uploads\\\/2021\\\/10\\\/SiglaSR.png\",\"width\":250,\"height\":70,\"caption\":\"DIGITAL ECONOMY DEVELOPMENT SRL\"},\"image\":{\"@id\":\"https:\\\/\\\/smartrobot.ro\\\/#\\\/schema\\\/logo\\\/image\\\/\"},\"sameAs\":[\"https:\\\/\\\/www.facebook.com\\\/smartrbt\"]}]}<\/script>\n<!-- \/ Yoast SEO plugin. -->","yoast_head_json":{"title":"4WD smart robot with AI vision features for Raspberry Pi 4B","description":"Robot 4WD Smart Car AI vision este special conceput pentru profesori, studenti sau pasionatii de AI. Poate fi controlat cu o placa Raspberry Pi 4B.","robots":{"index":"index","follow":"follow","max-snippet":"max-snippet:-1","max-image-preview":"max-image-preview:large","max-video-preview":"max-video-preview:-1"},"canonical":"https:\/\/smartrobot.ro\/en\/product\/robot-4wd-smart-car-learning-cu-ai-vision-features-compatibil-cu-raspberry-pi-4b\/","og_locale":"en_US","og_type":"article","og_title":"Robot 4WD Smart Car AI vision, compatibil cu Raspberry Pi 4B","og_description":"Robot 4WD Smart Car AI vision este special conceput pentru profesori, studenti sau pasionatii de AI. Poate fi controlat cu o placa Raspberry Pi 4B.","og_url":"https:\/\/smartrobot.ro\/en\/product\/robot-4wd-smart-car-learning-cu-ai-vision-features-compatibil-cu-raspberry-pi-4b\/","og_site_name":"SmartRobot","article_publisher":"https:\/\/www.facebook.com\/smartrbt","article_modified_time":"2026-04-07T08:20:04+00:00","og_image":[{"width":800,"height":800,"url":"https:\/\/smartrobot.ro\/wp-content\/uploads\/2021\/10\/4WD-Raspberry-PI-Robot-1.jpg","type":"image\/jpeg"}],"twitter_card":"summary_large_image","schema":{"@context":"https:\/\/schema.org","@graph":[{"@type":"WebPage","@id":"https:\/\/smartrobot.ro\/produs\/robot-4wd-smart-car-learning-cu-ai-vision-features-compatibil-cu-raspberry-pi-4b\/","url":"https:\/\/smartrobot.ro\/produs\/robot-4wd-smart-car-learning-cu-ai-vision-features-compatibil-cu-raspberry-pi-4b\/","name":"4WD smart robot with AI vision features for Raspberry Pi 4B","isPartOf":{"@id":"https:\/\/smartrobot.ro\/#website"},"primaryImageOfPage":{"@id":"https:\/\/smartrobot.ro\/produs\/robot-4wd-smart-car-learning-cu-ai-vision-features-compatibil-cu-raspberry-pi-4b\/#primaryimage"},"image":{"@id":"https:\/\/smartrobot.ro\/produs\/robot-4wd-smart-car-learning-cu-ai-vision-features-compatibil-cu-raspberry-pi-4b\/#primaryimage"},"thumbnailUrl":"https:\/\/smartrobot.ro\/wp-content\/uploads\/2021\/10\/4WD-Raspberry-PI-Robot-1.jpg","datePublished":"2021-10-01T07:25:15+00:00","dateModified":"2026-04-07T08:20:04+00:00","description":"Robot 4WD Smart Car AI vision este special conceput pentru profesori, studenti sau pasionatii de AI. Poate fi controlat cu o placa Raspberry Pi 4B.","breadcrumb":{"@id":"https:\/\/smartrobot.ro\/produs\/robot-4wd-smart-car-learning-cu-ai-vision-features-compatibil-cu-raspberry-pi-4b\/#breadcrumb"},"inLanguage":"en-US","potentialAction":[{"@type":"ReadAction","target":["https:\/\/smartrobot.ro\/produs\/robot-4wd-smart-car-learning-cu-ai-vision-features-compatibil-cu-raspberry-pi-4b\/"]}]},{"@type":"ImageObject","inLanguage":"en-US","@id":"https:\/\/smartrobot.ro\/produs\/robot-4wd-smart-car-learning-cu-ai-vision-features-compatibil-cu-raspberry-pi-4b\/#primaryimage","url":"https:\/\/smartrobot.ro\/wp-content\/uploads\/2021\/10\/4WD-Raspberry-PI-Robot-1.jpg","contentUrl":"https:\/\/smartrobot.ro\/wp-content\/uploads\/2021\/10\/4WD-Raspberry-PI-Robot-1.jpg","width":800,"height":800},{"@type":"BreadcrumbList","@id":"https:\/\/smartrobot.ro\/produs\/robot-4wd-smart-car-learning-cu-ai-vision-features-compatibil-cu-raspberry-pi-4b\/#breadcrumb","itemListElement":[{"@type":"ListItem","position":1,"name":"Prima pagin\u0103","item":"https:\/\/smartrobot.ro\/"},{"@type":"ListItem","position":2,"name":"Produse","item":"https:\/\/smartrobot.ro\/produse\/"},{"@type":"ListItem","position":3,"name":"Robot 4WD Smart Car AI vision, compatibil cu Raspberry Pi 4B"}]},{"@type":"WebSite","@id":"https:\/\/smartrobot.ro\/#website","url":"https:\/\/smartrobot.ro\/","name":"SmartRobot","description":"One step forward to STEAM education","publisher":{"@id":"https:\/\/smartrobot.ro\/#organization"},"potentialAction":[{"@type":"SearchAction","target":{"@type":"EntryPoint","urlTemplate":"https:\/\/smartrobot.ro\/?s={search_term_string}"},"query-input":{"@type":"PropertyValueSpecification","valueRequired":true,"valueName":"search_term_string"}}],"inLanguage":"en-US"},{"@type":"Organization","@id":"https:\/\/smartrobot.ro\/#organization","name":"DIGITAL ECONOMY DEVELOPMENT SRL","url":"https:\/\/smartrobot.ro\/","logo":{"@type":"ImageObject","inLanguage":"en-US","@id":"https:\/\/smartrobot.ro\/#\/schema\/logo\/image\/","url":"https:\/\/smartrobot.ro\/wp-content\/uploads\/2021\/10\/SiglaSR.png","contentUrl":"https:\/\/smartrobot.ro\/wp-content\/uploads\/2021\/10\/SiglaSR.png","width":250,"height":70,"caption":"DIGITAL ECONOMY DEVELOPMENT SRL"},"image":{"@id":"https:\/\/smartrobot.ro\/#\/schema\/logo\/image\/"},"sameAs":["https:\/\/www.facebook.com\/smartrbt"]}]}},"jetpack_sharing_enabled":true,"_links":{"self":[{"href":"https:\/\/smartrobot.ro\/en\/wp-json\/wp\/v2\/product\/472","targetHints":{"allow":["GET"]}}],"collection":[{"href":"https:\/\/smartrobot.ro\/en\/wp-json\/wp\/v2\/product"}],"about":[{"href":"https:\/\/smartrobot.ro\/en\/wp-json\/wp\/v2\/types\/product"}],"replies":[{"embeddable":true,"href":"https:\/\/smartrobot.ro\/en\/wp-json\/wp\/v2\/comments?post=472"}],"wp:featuredmedia":[{"embeddable":true,"href":"https:\/\/smartrobot.ro\/en\/wp-json\/wp\/v2\/media\/1174"}],"wp:attachment":[{"href":"https:\/\/smartrobot.ro\/en\/wp-json\/wp\/v2\/media?parent=472"}],"wp:term":[{"taxonomy":"product_brand","embeddable":true,"href":"https:\/\/smartrobot.ro\/en\/wp-json\/wp\/v2\/product_brand?post=472"},{"taxonomy":"product_cat","embeddable":true,"href":"https:\/\/smartrobot.ro\/en\/wp-json\/wp\/v2\/product_cat?post=472"},{"taxonomy":"product_tag","embeddable":true,"href":"https:\/\/smartrobot.ro\/en\/wp-json\/wp\/v2\/product_tag?post=472"}],"curies":[{"name":"wp","href":"https:\/\/api.w.org\/{rel}","templated":true}]}}