{"id":440,"date":"2021-09-30T15:17:49","date_gmt":"2021-09-30T12:17:49","guid":{"rendered":"https:\/\/robozone.ro\/?post_type=product&#038;p=440"},"modified":"2026-04-07T11:21:15","modified_gmt":"2026-04-07T08:21:15","slug":"robot-g1-ai-vision-smart-tank-cu-raspberry-pi-4","status":"publish","type":"product","link":"https:\/\/smartrobot.ro\/en\/product\/robot-g1-ai-vision-smart-tank-cu-raspberry-pi-4\/","title":{"rendered":"Robot G1 AI vision smart tank cu Raspberry Pi 4"},"content":{"rendered":"<p>[et_pb_section fb_built=&#8221;1&#8243; _builder_version=&#8221;4.16&#8243; custom_padding=&#8221;0px||||false|false&#8221; global_colors_info=&#8221;{}&#8221;][et_pb_row _builder_version=&#8221;4.16&#8243; background_size=&#8221;initial&#8221; background_position=&#8221;top_left&#8221; background_repeat=&#8221;repeat&#8221; width=&#8221;100%&#8221; custom_padding=&#8221;0px||0px||false|false&#8221; global_colors_info=&#8221;{}&#8221;][et_pb_column type=&#8221;4_4&#8243; _builder_version=&#8221;4.16&#8243; custom_padding=&#8221;|||&#8221; global_colors_info=&#8221;{}&#8221; custom_padding__hover=&#8221;|||&#8221;][et_pb_wc_breadcrumb _builder_version=&#8221;4.16&#8243; global_colors_info=&#8221;{}&#8221;][\/et_pb_wc_breadcrumb][\/et_pb_column][\/et_pb_row][et_pb_row column_structure=&#8221;1_2,1_2&#8243; _builder_version=&#8221;4.16&#8243; background_size=&#8221;initial&#8221; background_position=&#8221;top_left&#8221; background_repeat=&#8221;repeat&#8221; width=&#8221;100%&#8221; custom_padding=&#8221;0px||||false|false&#8221; global_colors_info=&#8221;{}&#8221;][et_pb_column type=&#8221;1_2&#8243; _builder_version=&#8221;4.16&#8243; custom_padding=&#8221;|||&#8221; global_colors_info=&#8221;{}&#8221; custom_padding__hover=&#8221;|||&#8221;][et_pb_wc_images _builder_version=&#8221;4.16&#8243; global_colors_info=&#8221;{}&#8221;][\/et_pb_wc_images][\/et_pb_column][et_pb_column type=&#8221;1_2&#8243; _builder_version=&#8221;4.16&#8243; custom_padding=&#8221;|||&#8221; global_colors_info=&#8221;{}&#8221; custom_padding__hover=&#8221;|||&#8221;][et_pb_wc_title _builder_version=&#8221;4.16&#8243; global_colors_info=&#8221;{}&#8221;][\/et_pb_wc_title][et_pb_wc_rating _builder_version=&#8221;4.16&#8243; global_colors_info=&#8221;{}&#8221;][\/et_pb_wc_rating][et_pb_wc_price _builder_version=&#8221;4.16&#8243; global_colors_info=&#8221;{}&#8221;][\/et_pb_wc_price][et_pb_wc_description _builder_version=&#8221;4.16&#8243; global_colors_info=&#8221;{}&#8221;][\/et_pb_wc_description][et_pb_wc_add_to_cart _builder_version=&#8221;4.16&#8243; global_colors_info=&#8221;{}&#8221;][\/et_pb_wc_add_to_cart][et_pb_wc_meta _builder_version=&#8221;4.16&#8243; global_colors_info=&#8221;{}&#8221;][\/et_pb_wc_meta][\/et_pb_column][\/et_pb_row][et_pb_row _builder_version=&#8221;4.16&#8243; background_size=&#8221;initial&#8221; background_position=&#8221;top_left&#8221; background_repeat=&#8221;repeat&#8221; width=&#8221;100%&#8221; global_colors_info=&#8221;{}&#8221;][et_pb_column type=&#8221;4_4&#8243; _builder_version=&#8221;4.16&#8243; custom_padding=&#8221;|||&#8221; global_colors_info=&#8221;{}&#8221; custom_padding__hover=&#8221;|||&#8221;][et_pb_wc_tabs _builder_version=&#8221;4.16&#8243; global_colors_info=&#8221;{}&#8221;]\t\t\t\t\t[\/et_pb_wc_tabs][et_pb_wc_upsells _builder_version=&#8221;4.16&#8243; global_colors_info=&#8221;{}&#8221;][\/et_pb_wc_upsells][et_pb_wc_related_products _builder_version=&#8221;4.16&#8243; global_colors_info=&#8221;{}&#8221;][\/et_pb_wc_related_products][\/et_pb_column][\/et_pb_row][\/et_pb_section]<\/p>\n","protected":false},"excerpt":{"rendered":"<p>Robot G1 AI vision smart tank are camera video WiFi si foloseste cea mai recenta placa de dezvoltare <a href=\"https:\/\/smartrobot.ro\/en\/product-category\/raspberry-pi\/\">Raspberry Pi 4B<\/a>\u00a0pe post de controler de baza.<\/p>","protected":false},"featured_media":1143,"comment_status":"open","ping_status":"closed","template":"","meta":{"_et_pb_use_builder":"on","_et_pb_old_content":"Robotul <strong>G1 Smart Tank<\/strong> foloseste cea mai recenta placa de dezvoltare <a href=\"https:\/\/smartrobot.ro\/categorie-produs\/raspberry-pi\/\">Raspberry Pi 4B <\/a>pe post de controler de baza. Vehiculul adopta un sasiu albastru din aluminiu, senile de inalta calitate, un motor de mare putere si imbinari metalice. Motorul este atat de puternic incat poate urca chiar si o panta de 60 de grade fara probleme. Pentru transmisia video in timp real se foloseste o camera 2DOF panoramica \/ inclinata, o camera HD USB, iar prin intermediul WIFI \/ 5G care vine cu <a href=\"https:\/\/smartrobot.ro\/categorie-produs\/raspberry-pi\/\">Raspberry Pi<\/a> te poti asigura ca videoclipurile de inalta calitate pot fi transmise in timp real pe aplicatia mobila sau pe PC.\r\n\r\nDe asemenea, prin intermediul camerei se pot programa functii de recunoastere AI. Prin intermediul placii de extensie si a posibilitatilor pe care le ofera robotul, utilizatorii pot merge mai departe de informatiile oferite mai jos, astfel incat G1 Smart Tank poate reprezenta robotul ideal pentru educatori, cursanti, elevi sau pasionatii de <a href=\"https:\/\/smartrobot.ro\/categorie-produs\/raspberry-pi\/\">Raspberry Pi<\/a>.\r\n\r\n<strong>Caracteristici:<\/strong>\r\n<ul>\r\n \t<li>Compatibil cu cea mai recent\u0103 versiune a pl\u0103cii <a href=\"https:\/\/smartrobot.ro\/categorie-produs\/raspberry-pi\/\">Raspberry Pi 4B<\/a>.<\/li>\r\n \t<li>\u00centregul vehicul adopt\u0103 cadru din aliaj de aluminiu \u00eengro\u0219at albastru de 2 mm, instalarea este simpl\u0103 \u0219i ferm\u0103.<\/li>\r\n \t<li>Plac\u0103 de expansiune multifunc\u021bional\u0103 BST-4WD, este echipat\u0103 cu unele interfe\u021be ale diver\u0219ilor senzori \u0219i module de comunica\u021bie \u0219i este compatibil\u0103 cu patru controlere de baz\u0103: <a href=\"https:\/\/smartrobot.ro\/categorie-produs\/arduino-uno\/\">Arduino UNO<\/a>, microcontroler 51, STM32 \u0219i <a href=\"https:\/\/smartrobot.ro\/categorie-produs\/raspberry-pi\/\">Raspberry Pi<\/a>.<\/li>\r\n \t<li>Accept\u0103 multiple func\u021bii de baz\u0103: urcare cu unghi \u00eenalt, urm\u0103rire, dep\u0103\u0219irea obstacolului etc.<\/li>\r\n \t<li>Suport\u0103 mai multe func\u021bii AI: detectarea fe\u021bei, urm\u0103rirea culorilor, recunoa\u0219terea obiectului\/gestului\/codul QR etc.<\/li>\r\n \t<li>Utilizatorii pot folosi limbajul C \u0219i programarea Python.<\/li>\r\n \t<li>Platforma ma\u0219inii \u0219i a camerei pot fi controlate prin aplica\u021bia Bluetooth de pe mobil Android\/iOS; Transmisia video HD \u00een timp real poate fi realizat\u0103 de Raspberry Pi care vine cu 5G WIFI.<\/li>\r\n<\/ul>\r\n<strong>Pachetul contine:<\/strong>\r\n<ul>\r\n \t<li>1x 4WD expansion board;<\/li>\r\n \t<li>1x ultrasonic sensor;<\/li>\r\n \t<li>1x colorful car light;<\/li>\r\n \t<li>2x caterpillar track;<\/li>\r\n \t<li>4x channel tracking sensor;<\/li>\r\n \t<li>1x aluminum stereo chassis;<\/li>\r\n \t<li>1x USB cable;<\/li>\r\n \t<li>1x 18650 battery box;<\/li>\r\n \t<li>3x 18650 battery;<\/li>\r\n \t<li>1x 4.0 module;<\/li>\r\n \t<li>1x 12.6v charger;<\/li>\r\n \t<li>2x 370 motor;<\/li>\r\n \t<li>5x jumper cap;<\/li>\r\n \t<li>1x fixed frame;<\/li>\r\n \t<li>1x servo package;<\/li>\r\n \t<li>1x 6 pin flat cable;<\/li>\r\n \t<li>2x 4 pin flat cable;<\/li>\r\n \t<li>1x 40 pin flat cable;<\/li>\r\n \t<li>2x active wheel package;<\/li>\r\n \t<li>2x drive motor package;<\/li>\r\n \t<li>2x 4mm coupling;<\/li>\r\n \t<li>2x SG90 servo;<\/li>\r\n \t<li>copper pillar &amp; screw &amp; nut package;<\/li>\r\n \t<li>2x separation pillar;<\/li>\r\n \t<li>4x rivet;<\/li>\r\n \t<li>1x plastic gasket package;<\/li>\r\n \t<li>1x screw driver;<\/li>\r\n \t<li>1x manual;<\/li>\r\n \t<li>1x HD camera;<\/li>\r\n \t<li>1x Placa de baza <a href=\"https:\/\/smartrobot.ro\/categorie-produs\/raspberry-pi\/\">Raspberry Pi 4B 4GB<\/a>;<\/li>\r\n \t<li>1x 32GB microSD;<\/li>\r\n \t<li>1x heatsink package;<\/li>\r\n \t<li>1x card reader<\/li>\r\n<\/ul>\r\nDocumentatie robot Smart Tank G1 Raspberry Pi: <a href=\"http:\/\/www.yahboom.net\/study\/G1-T-PI\">http:\/\/www.yahboom.net\/study\/G1-T-PI<\/a>\r\n<p style=\"text-align: center\"><strong>FILM PREZENTARE<\/strong><\/p>\r\n[embed]https:\/\/www.youtube.com\/watch?v=d-S12c1N9kw&amp;ab_channel=YahboomTechnology[\/embed]","_et_gb_content_width":""},"product_brand":[],"product_cat":[26],"product_tag":[],"class_list":{"0":"post-440","1":"product","2":"type-product","3":"status-publish","4":"has-post-thumbnail","6":"product_cat-kituri-compatibile-cu-raspberry-pi","7":"product_shipping_class-normal","9":"first","10":"instock","11":"taxable","12":"shipping-taxable","13":"purchasable","14":"product-type-simple"},"yoast_head":"<!-- This site is optimized with the Yoast SEO plugin v27.4 - https:\/\/yoast.com\/product\/yoast-seo-wordpress\/ -->\n<title>Robot G1 AI vision smart tank<\/title>\n<meta name=\"description\" content=\"Robot G1 AI vision smart tank are camera video WiFi si foloseste placa de dezvoltare Raspberry Pi 4B 4GB, pe post de controler de baza.\" \/>\n<meta name=\"robots\" content=\"index, follow, max-snippet:-1, max-image-preview:large, max-video-preview:-1\" \/>\n<link rel=\"canonical\" href=\"https:\/\/smartrobot.ro\/en\/product\/robot-g1-ai-vision-smart-tank-cu-raspberry-pi-4\/\" \/>\n<meta property=\"og:locale\" content=\"en_US\" \/>\n<meta property=\"og:type\" content=\"article\" \/>\n<meta property=\"og:title\" content=\"Robot G1 AI vision smart tank\" \/>\n<meta property=\"og:description\" content=\"Robot G1 AI vision smart tank are camera video WiFi si foloseste placa de dezvoltare Raspberry Pi 4B 4GB, pe post de controler de baza.\" \/>\n<meta property=\"og:url\" content=\"https:\/\/smartrobot.ro\/en\/product\/robot-g1-ai-vision-smart-tank-cu-raspberry-pi-4\/\" \/>\n<meta property=\"og:site_name\" content=\"SmartRobot\" \/>\n<meta property=\"article:publisher\" content=\"https:\/\/www.facebook.com\/smartrbt\" \/>\n<meta property=\"article:modified_time\" content=\"2026-04-07T08:21:15+00:00\" \/>\n<meta property=\"og:image\" content=\"https:\/\/smartrobot.ro\/wp-content\/uploads\/2021\/09\/G1-Smart-Tank-Raspberry-PI-Robot-1.jpg\" \/>\n\t<meta property=\"og:image:width\" content=\"800\" \/>\n\t<meta property=\"og:image:height\" content=\"800\" \/>\n\t<meta property=\"og:image:type\" content=\"image\/jpeg\" \/>\n<meta name=\"twitter:card\" content=\"summary_large_image\" \/>\n<meta name=\"twitter:label1\" content=\"Est. reading time\" \/>\n\t<meta name=\"twitter:data1\" content=\"3 minutes\" \/>\n<script type=\"application\/ld+json\" class=\"yoast-schema-graph\">{\"@context\":\"https:\\\/\\\/schema.org\",\"@graph\":[{\"@type\":\"WebPage\",\"@id\":\"https:\\\/\\\/smartrobot.ro\\\/produs\\\/robot-g1-ai-vision-smart-tank-cu-raspberry-pi-4\\\/\",\"url\":\"https:\\\/\\\/smartrobot.ro\\\/produs\\\/robot-g1-ai-vision-smart-tank-cu-raspberry-pi-4\\\/\",\"name\":\"Robot G1 AI vision smart tank\",\"isPartOf\":{\"@id\":\"https:\\\/\\\/smartrobot.ro\\\/#website\"},\"primaryImageOfPage\":{\"@id\":\"https:\\\/\\\/smartrobot.ro\\\/produs\\\/robot-g1-ai-vision-smart-tank-cu-raspberry-pi-4\\\/#primaryimage\"},\"image\":{\"@id\":\"https:\\\/\\\/smartrobot.ro\\\/produs\\\/robot-g1-ai-vision-smart-tank-cu-raspberry-pi-4\\\/#primaryimage\"},\"thumbnailUrl\":\"https:\\\/\\\/smartrobot.ro\\\/wp-content\\\/uploads\\\/2021\\\/09\\\/G1-Smart-Tank-Raspberry-PI-Robot-1.jpg\",\"datePublished\":\"2021-09-30T12:17:49+00:00\",\"dateModified\":\"2026-04-07T08:21:15+00:00\",\"description\":\"Robot G1 AI vision smart tank are camera video WiFi si foloseste placa de dezvoltare Raspberry Pi 4B 4GB, pe post de controler de baza.\",\"breadcrumb\":{\"@id\":\"https:\\\/\\\/smartrobot.ro\\\/produs\\\/robot-g1-ai-vision-smart-tank-cu-raspberry-pi-4\\\/#breadcrumb\"},\"inLanguage\":\"en-US\",\"potentialAction\":[{\"@type\":\"ReadAction\",\"target\":[\"https:\\\/\\\/smartrobot.ro\\\/produs\\\/robot-g1-ai-vision-smart-tank-cu-raspberry-pi-4\\\/\"]}]},{\"@type\":\"ImageObject\",\"inLanguage\":\"en-US\",\"@id\":\"https:\\\/\\\/smartrobot.ro\\\/produs\\\/robot-g1-ai-vision-smart-tank-cu-raspberry-pi-4\\\/#primaryimage\",\"url\":\"https:\\\/\\\/smartrobot.ro\\\/wp-content\\\/uploads\\\/2021\\\/09\\\/G1-Smart-Tank-Raspberry-PI-Robot-1.jpg\",\"contentUrl\":\"https:\\\/\\\/smartrobot.ro\\\/wp-content\\\/uploads\\\/2021\\\/09\\\/G1-Smart-Tank-Raspberry-PI-Robot-1.jpg\",\"width\":800,\"height\":800},{\"@type\":\"BreadcrumbList\",\"@id\":\"https:\\\/\\\/smartrobot.ro\\\/produs\\\/robot-g1-ai-vision-smart-tank-cu-raspberry-pi-4\\\/#breadcrumb\",\"itemListElement\":[{\"@type\":\"ListItem\",\"position\":1,\"name\":\"Prima pagin\u0103\",\"item\":\"https:\\\/\\\/smartrobot.ro\\\/\"},{\"@type\":\"ListItem\",\"position\":2,\"name\":\"Produse\",\"item\":\"https:\\\/\\\/smartrobot.ro\\\/produse\\\/\"},{\"@type\":\"ListItem\",\"position\":3,\"name\":\"Robot G1 AI vision smart tank cu Raspberry Pi 4\"}]},{\"@type\":\"WebSite\",\"@id\":\"https:\\\/\\\/smartrobot.ro\\\/#website\",\"url\":\"https:\\\/\\\/smartrobot.ro\\\/\",\"name\":\"SmartRobot\",\"description\":\"One step forward to STEAM education\",\"publisher\":{\"@id\":\"https:\\\/\\\/smartrobot.ro\\\/#organization\"},\"potentialAction\":[{\"@type\":\"SearchAction\",\"target\":{\"@type\":\"EntryPoint\",\"urlTemplate\":\"https:\\\/\\\/smartrobot.ro\\\/?s={search_term_string}\"},\"query-input\":{\"@type\":\"PropertyValueSpecification\",\"valueRequired\":true,\"valueName\":\"search_term_string\"}}],\"inLanguage\":\"en-US\"},{\"@type\":\"Organization\",\"@id\":\"https:\\\/\\\/smartrobot.ro\\\/#organization\",\"name\":\"DIGITAL ECONOMY DEVELOPMENT SRL\",\"url\":\"https:\\\/\\\/smartrobot.ro\\\/\",\"logo\":{\"@type\":\"ImageObject\",\"inLanguage\":\"en-US\",\"@id\":\"https:\\\/\\\/smartrobot.ro\\\/#\\\/schema\\\/logo\\\/image\\\/\",\"url\":\"https:\\\/\\\/smartrobot.ro\\\/wp-content\\\/uploads\\\/2021\\\/10\\\/SiglaSR.png\",\"contentUrl\":\"https:\\\/\\\/smartrobot.ro\\\/wp-content\\\/uploads\\\/2021\\\/10\\\/SiglaSR.png\",\"width\":250,\"height\":70,\"caption\":\"DIGITAL ECONOMY DEVELOPMENT SRL\"},\"image\":{\"@id\":\"https:\\\/\\\/smartrobot.ro\\\/#\\\/schema\\\/logo\\\/image\\\/\"},\"sameAs\":[\"https:\\\/\\\/www.facebook.com\\\/smartrbt\"]}]}<\/script>\n<!-- \/ Yoast SEO plugin. -->","yoast_head_json":{"title":"Robot G1 AI vision smart tank","description":"Robot G1 AI vision smart tank are camera video WiFi si foloseste placa de dezvoltare Raspberry Pi 4B 4GB, pe post de controler de baza.","robots":{"index":"index","follow":"follow","max-snippet":"max-snippet:-1","max-image-preview":"max-image-preview:large","max-video-preview":"max-video-preview:-1"},"canonical":"https:\/\/smartrobot.ro\/en\/product\/robot-g1-ai-vision-smart-tank-cu-raspberry-pi-4\/","og_locale":"en_US","og_type":"article","og_title":"Robot G1 AI vision smart tank","og_description":"Robot G1 AI vision smart tank are camera video WiFi si foloseste placa de dezvoltare Raspberry Pi 4B 4GB, pe post de controler de baza.","og_url":"https:\/\/smartrobot.ro\/en\/product\/robot-g1-ai-vision-smart-tank-cu-raspberry-pi-4\/","og_site_name":"SmartRobot","article_publisher":"https:\/\/www.facebook.com\/smartrbt","article_modified_time":"2026-04-07T08:21:15+00:00","og_image":[{"width":800,"height":800,"url":"https:\/\/smartrobot.ro\/wp-content\/uploads\/2021\/09\/G1-Smart-Tank-Raspberry-PI-Robot-1.jpg","type":"image\/jpeg"}],"twitter_card":"summary_large_image","twitter_misc":{"Est. reading time":"3 minutes"},"schema":{"@context":"https:\/\/schema.org","@graph":[{"@type":"WebPage","@id":"https:\/\/smartrobot.ro\/produs\/robot-g1-ai-vision-smart-tank-cu-raspberry-pi-4\/","url":"https:\/\/smartrobot.ro\/produs\/robot-g1-ai-vision-smart-tank-cu-raspberry-pi-4\/","name":"Robot G1 AI vision smart tank","isPartOf":{"@id":"https:\/\/smartrobot.ro\/#website"},"primaryImageOfPage":{"@id":"https:\/\/smartrobot.ro\/produs\/robot-g1-ai-vision-smart-tank-cu-raspberry-pi-4\/#primaryimage"},"image":{"@id":"https:\/\/smartrobot.ro\/produs\/robot-g1-ai-vision-smart-tank-cu-raspberry-pi-4\/#primaryimage"},"thumbnailUrl":"https:\/\/smartrobot.ro\/wp-content\/uploads\/2021\/09\/G1-Smart-Tank-Raspberry-PI-Robot-1.jpg","datePublished":"2021-09-30T12:17:49+00:00","dateModified":"2026-04-07T08:21:15+00:00","description":"Robot G1 AI vision smart tank are camera video WiFi si foloseste placa de dezvoltare Raspberry Pi 4B 4GB, pe post de controler de baza.","breadcrumb":{"@id":"https:\/\/smartrobot.ro\/produs\/robot-g1-ai-vision-smart-tank-cu-raspberry-pi-4\/#breadcrumb"},"inLanguage":"en-US","potentialAction":[{"@type":"ReadAction","target":["https:\/\/smartrobot.ro\/produs\/robot-g1-ai-vision-smart-tank-cu-raspberry-pi-4\/"]}]},{"@type":"ImageObject","inLanguage":"en-US","@id":"https:\/\/smartrobot.ro\/produs\/robot-g1-ai-vision-smart-tank-cu-raspberry-pi-4\/#primaryimage","url":"https:\/\/smartrobot.ro\/wp-content\/uploads\/2021\/09\/G1-Smart-Tank-Raspberry-PI-Robot-1.jpg","contentUrl":"https:\/\/smartrobot.ro\/wp-content\/uploads\/2021\/09\/G1-Smart-Tank-Raspberry-PI-Robot-1.jpg","width":800,"height":800},{"@type":"BreadcrumbList","@id":"https:\/\/smartrobot.ro\/produs\/robot-g1-ai-vision-smart-tank-cu-raspberry-pi-4\/#breadcrumb","itemListElement":[{"@type":"ListItem","position":1,"name":"Prima pagin\u0103","item":"https:\/\/smartrobot.ro\/"},{"@type":"ListItem","position":2,"name":"Produse","item":"https:\/\/smartrobot.ro\/produse\/"},{"@type":"ListItem","position":3,"name":"Robot G1 AI vision smart tank cu Raspberry Pi 4"}]},{"@type":"WebSite","@id":"https:\/\/smartrobot.ro\/#website","url":"https:\/\/smartrobot.ro\/","name":"SmartRobot","description":"One step forward to STEAM education","publisher":{"@id":"https:\/\/smartrobot.ro\/#organization"},"potentialAction":[{"@type":"SearchAction","target":{"@type":"EntryPoint","urlTemplate":"https:\/\/smartrobot.ro\/?s={search_term_string}"},"query-input":{"@type":"PropertyValueSpecification","valueRequired":true,"valueName":"search_term_string"}}],"inLanguage":"en-US"},{"@type":"Organization","@id":"https:\/\/smartrobot.ro\/#organization","name":"DIGITAL ECONOMY DEVELOPMENT SRL","url":"https:\/\/smartrobot.ro\/","logo":{"@type":"ImageObject","inLanguage":"en-US","@id":"https:\/\/smartrobot.ro\/#\/schema\/logo\/image\/","url":"https:\/\/smartrobot.ro\/wp-content\/uploads\/2021\/10\/SiglaSR.png","contentUrl":"https:\/\/smartrobot.ro\/wp-content\/uploads\/2021\/10\/SiglaSR.png","width":250,"height":70,"caption":"DIGITAL ECONOMY DEVELOPMENT SRL"},"image":{"@id":"https:\/\/smartrobot.ro\/#\/schema\/logo\/image\/"},"sameAs":["https:\/\/www.facebook.com\/smartrbt"]}]}},"jetpack_sharing_enabled":true,"_links":{"self":[{"href":"https:\/\/smartrobot.ro\/en\/wp-json\/wp\/v2\/product\/440","targetHints":{"allow":["GET"]}}],"collection":[{"href":"https:\/\/smartrobot.ro\/en\/wp-json\/wp\/v2\/product"}],"about":[{"href":"https:\/\/smartrobot.ro\/en\/wp-json\/wp\/v2\/types\/product"}],"replies":[{"embeddable":true,"href":"https:\/\/smartrobot.ro\/en\/wp-json\/wp\/v2\/comments?post=440"}],"wp:featuredmedia":[{"embeddable":true,"href":"https:\/\/smartrobot.ro\/en\/wp-json\/wp\/v2\/media\/1143"}],"wp:attachment":[{"href":"https:\/\/smartrobot.ro\/en\/wp-json\/wp\/v2\/media?parent=440"}],"wp:term":[{"taxonomy":"product_brand","embeddable":true,"href":"https:\/\/smartrobot.ro\/en\/wp-json\/wp\/v2\/product_brand?post=440"},{"taxonomy":"product_cat","embeddable":true,"href":"https:\/\/smartrobot.ro\/en\/wp-json\/wp\/v2\/product_cat?post=440"},{"taxonomy":"product_tag","embeddable":true,"href":"https:\/\/smartrobot.ro\/en\/wp-json\/wp\/v2\/product_tag?post=440"}],"curies":[{"name":"wp","href":"https:\/\/api.w.org\/{rel}","templated":true}]}}