{"id":190,"date":"2021-07-20T11:45:45","date_gmt":"2021-07-20T08:45:45","guid":{"rendered":"https:\/\/robozone.ro\/?post_type=product&#038;p=190"},"modified":"2026-04-06T12:34:52","modified_gmt":"2026-04-06T09:34:52","slug":"kit-raspberry-pi-4-model-b-8-gb-combo-card-64-128-gb-cu-integrare-hdd-ssd-sata-2-5","status":"publish","type":"product","link":"https:\/\/smartrobot.ro\/en\/product\/kit-raspberry-pi-4-model-b-8-gb-combo-card-64-128-gb-cu-integrare-hdd-ssd-sata-2-5\/","title":{"rendered":"Raspberry PI 4 model B 8 GB Combo Kit , 64\/128 GB microSD card, 2.5 HDD\/SSD SATA support"},"content":{"rendered":"<p>[et_pb_section fb_built=&#8221;1&#8243; _builder_version=&#8221;4.16&#8243; custom_padding=&#8221;0px||||false|false&#8221; global_colors_info=&#8221;{}&#8221;][et_pb_row _builder_version=&#8221;4.16&#8243; background_size=&#8221;initial&#8221; background_position=&#8221;top_left&#8221; background_repeat=&#8221;repeat&#8221; width=&#8221;100%&#8221; custom_padding=&#8221;0px||0px||false|false&#8221; global_colors_info=&#8221;{}&#8221;][et_pb_column type=&#8221;4_4&#8243; _builder_version=&#8221;4.16&#8243; custom_padding=&#8221;|||&#8221; global_colors_info=&#8221;{}&#8221; custom_padding__hover=&#8221;|||&#8221;][et_pb_wc_breadcrumb _builder_version=&#8221;4.16&#8243; global_colors_info=&#8221;{}&#8221;][\/et_pb_wc_breadcrumb][\/et_pb_column][\/et_pb_row][et_pb_row column_structure=&#8221;1_2,1_2&#8243; _builder_version=&#8221;4.16&#8243; background_size=&#8221;initial&#8221; background_position=&#8221;top_left&#8221; background_repeat=&#8221;repeat&#8221; width=&#8221;100%&#8221; custom_padding=&#8221;0px||||false|false&#8221; global_colors_info=&#8221;{}&#8221;][et_pb_column type=&#8221;1_2&#8243; _builder_version=&#8221;4.16&#8243; custom_padding=&#8221;|||&#8221; global_colors_info=&#8221;{}&#8221; custom_padding__hover=&#8221;|||&#8221;][et_pb_wc_images _builder_version=&#8221;4.16&#8243; global_colors_info=&#8221;{}&#8221;][\/et_pb_wc_images][\/et_pb_column][et_pb_column type=&#8221;1_2&#8243; _builder_version=&#8221;4.16&#8243; custom_padding=&#8221;|||&#8221; global_colors_info=&#8221;{}&#8221; custom_padding__hover=&#8221;|||&#8221;][et_pb_wc_title _builder_version=&#8221;4.16&#8243; global_colors_info=&#8221;{}&#8221;][\/et_pb_wc_title][et_pb_wc_rating _builder_version=&#8221;4.16&#8243; global_colors_info=&#8221;{}&#8221;][\/et_pb_wc_rating][et_pb_wc_price _builder_version=&#8221;4.16&#8243; global_colors_info=&#8221;{}&#8221;][\/et_pb_wc_price][et_pb_wc_description _builder_version=&#8221;4.16&#8243; global_colors_info=&#8221;{}&#8221;][\/et_pb_wc_description][et_pb_wc_add_to_cart _builder_version=&#8221;4.22.1&#8243; dropdown_menus_font=&#8221;|700|||||||&#8221; global_colors_info=&#8221;{}&#8221;][\/et_pb_wc_add_to_cart][et_pb_wc_meta _builder_version=&#8221;4.16&#8243; global_colors_info=&#8221;{}&#8221;][\/et_pb_wc_meta][\/et_pb_column][\/et_pb_row][et_pb_row _builder_version=&#8221;4.16&#8243; background_size=&#8221;initial&#8221; background_position=&#8221;top_left&#8221; background_repeat=&#8221;repeat&#8221; width=&#8221;100%&#8221; global_colors_info=&#8221;{}&#8221;][et_pb_column type=&#8221;4_4&#8243; _builder_version=&#8221;4.16&#8243; custom_padding=&#8221;|||&#8221; global_colors_info=&#8221;{}&#8221; custom_padding__hover=&#8221;|||&#8221;][et_pb_wc_tabs _builder_version=&#8221;4.16&#8243; global_colors_info=&#8221;{}&#8221;]\t\t\t\t\t[\/et_pb_wc_tabs][et_pb_wc_upsells _builder_version=&#8221;4.16&#8243; global_colors_info=&#8221;{}&#8221;][\/et_pb_wc_upsells][et_pb_wc_related_products _builder_version=&#8221;4.16&#8243; global_colors_info=&#8221;{}&#8221;][\/et_pb_wc_related_products][\/et_pb_column][\/et_pb_row][\/et_pb_section]<\/p>\n","protected":false},"excerpt":{"rendered":"<p><strong>Raspberry PI 4 model B 8 GB Combo kit , microSD card 64\/128 GB, with SATA integration HDD \/ SSD 2.5 \u2033.<\/strong><\/p>","protected":false},"featured_media":3588,"comment_status":"open","ping_status":"closed","template":"","meta":{"_et_pb_use_builder":"on","_et_pb_old_content":"<strong>Kit complet Raspberry PI 4 model B 8 GB Combo, carcasa metalica cu ventilator si buton ON\/OFF, SD card 64\/128 GB, cu integrare HDD\/SSD SATA 2.5\".<\/strong>\r\n\r\n<strong>Placa multifunctionala X735<\/strong>\u00a0pentru Raspberry Pi 4B ofer\u0103 o gestionare inteligent\u0103 \u0219i sigur\u0103 a aliment\u0103rii, oprire automata prin intermediul software-ului, un ventilator automat care controleaza temperatura Raspberry-ului Pi folosit in condi\u021bii extreme, inclusiv in medii cu temperatur\u0103 foarte ridicat\u0103. Cei 40 de pini ai lui X735 pot fi folositi cu alte pl\u0103ci sau accesorii Raspberry Pi pentru aplica\u021bii imbun\u0103t\u0103\u021bite.\r\n\r\nIn acela\u0219i timp, x735 are dou\u0103 tipuri de port 4PIN (momentary switch and latching switch), pute\u021bi conecta comutatorul de alimentare suplimentar pentru a controla in siguran\u021b\u0103 pornirea \/ oprirea;\r\n\r\n<strong>Placa de extensie a memoriei X825<\/strong> ofer\u0103 o solu\u021bie complet\u0103 de stocare pentru cel mai nou raspberry pi 4B, suport\u0103 unit\u0103\u021bi de hard disk SATA de 2,5 inch HDD \/ SSD pan\u0103 la 4 TB.\r\n\r\n<strong>ATENTIE ! Se pot folosi doar hard disk-uri HDD \/ SDD cu interfa\u021b\u0103 SATA de 2,5 inch pentru placa X825<\/strong>;\r\n\r\n<strong>Raspberry PI 4B 8GB<\/strong>\r\n\r\nProcesor:\r\n\r\nBroadcom 2711;\r\nArhitectura procesor: Cortex - A72, 64 biti;\r\nFrecventa procesor: 1.5 GHz;\r\nNumar nuclee fizice: 4;\r\nMemorie RAM: 8 GB LPDDR4 SDRAM;\r\n\r\nConectivitate:\r\n\r\nWiFi: 2.4 GHz si 5 GHz \u00a0IEE 802.11 b\/g\/n\/ac;\r\nBluetooth: 5.0 BLE;\r\nEthernet: Gigabit;\r\n2 x USB 2.0;\r\n2 x USB 3.0;\r\nHeader GPIO cu 40 pini (compatibil cu versiunile anterioare);\r\nVideo &amp; audio:\r\n2 x conector micro HDMI cu suport 4k;\r\n1 x conector MIPI DSI (Display Serial Interface);\r\n1 x conector MIPI CSI (Camera Serial Interface);\r\nOutput audio stereo si video composite;\r\n\r\nMultimedia:\r\n\r\nH.265 decode (4kp60)\r\nH.264 decode (1080p60)\r\nH.264 encode (1080p30);\r\nOpenGL ES 1.1, 2.0, 3.0 graphics;\r\nSlot card microSD pentru rularea sistemului de operare si stocare date;\r\nTemperatura de operare: 0 - 50 grade Celsius;\r\n\r\n<strong>Pachetul contine:<\/strong>\r\n1x Raspberry Pi 4B 8GB;\r\n1x Carcasa metalica cu ventilator X825 - C8 compatibila cu placa de baza X825;\r\n1x Placa multifunctionala de gestiune a alimentarii si de modificare a RPM-ului ventilatorului X735 V3;\r\n1x Placa de extensie a memoriei X825 V2\r\n1x Alimentator 5V-4A;\r\n1x Cablu Ethernet CAT5E;\r\n1x Cablu Micro to HDMI;\r\n1x Pachet 3 radiatoare;\r\n1x Card MicroSD la alegere de 64GB \/ 128 GB;\r\n1x Cititor de carduri cu USB.\r\n\r\n<strong>ATENTIE ! KITUL NU CONTINE HDD \/ SSD<\/strong>\r\n<p style=\"text-align: center\"><strong>TUTORIAL MONTAJ<\/strong><\/p>\r\n[embed]https:\/\/www.youtube.com\/watch?v=JxUNhIxXgj4&amp;ab_channel=Geekworm[\/embed]\r\n\r\n<strong>ATENTIE ! Trebuie sa instalati un script shell pentru a permite ventilatorului PWM sa functioneze. Vedeti mai multe aici: <a href=\"https:\/\/wiki.geekworm.com\/X735_Software\">https:\/\/wiki.geekworm.com\/X735_Software<\/a><\/strong>","_et_gb_content_width":""},"product_brand":[],"product_cat":[26],"product_tag":[],"class_list":{"0":"post-190","1":"product","2":"type-product","3":"status-publish","4":"has-post-thumbnail","6":"product_cat-kituri-compatibile-cu-raspberry-pi","8":"first","9":"outofstock","10":"taxable","11":"shipping-taxable","12":"purchasable","13":"product-type-variable"},"yoast_head":"<!-- This site is optimized with the Yoast SEO plugin v27.3 - https:\/\/yoast.com\/product\/yoast-seo-wordpress\/ -->\n<title>Kit Raspberry PI 4 8GB, cu integrare HDD\/SSD SATA 2.5<\/title>\n<meta name=\"description\" content=\"Kit Raspberry PI 4 8GB Combo, carcasa metalica cu ventilator si buton ON\/OFF, SD card 64\/128 GB, cu integrare HDD\/SSD SATA 2.5&quot;.\" \/>\n<meta name=\"robots\" content=\"index, follow, max-snippet:-1, max-image-preview:large, max-video-preview:-1\" \/>\n<link rel=\"canonical\" href=\"https:\/\/smartrobot.ro\/en\/product\/kit-raspberry-pi-4-model-b-8-gb-combo-card-64-128-gb-cu-integrare-hdd-ssd-sata-2-5\/\" \/>\n<meta property=\"og:locale\" content=\"en_US\" \/>\n<meta property=\"og:type\" content=\"article\" \/>\n<meta property=\"og:title\" content=\"Kit Raspberry PI 4 8GB, cu integrare HDD\/SSD SATA 2.5\" \/>\n<meta property=\"og:description\" content=\"Kit Raspberry PI 4 8GB Combo, carcasa metalica cu ventilator si buton ON\/OFF, SD card 64\/128 GB, cu integrare HDD\/SSD SATA 2.5&quot;.\" \/>\n<meta property=\"og:url\" content=\"https:\/\/smartrobot.ro\/en\/product\/kit-raspberry-pi-4-model-b-8-gb-combo-card-64-128-gb-cu-integrare-hdd-ssd-sata-2-5\/\" \/>\n<meta property=\"og:site_name\" content=\"SmartRobot\" \/>\n<meta property=\"article:publisher\" content=\"https:\/\/www.facebook.com\/smartrbt\" \/>\n<meta property=\"article:modified_time\" content=\"2026-04-06T09:34:52+00:00\" \/>\n<meta property=\"og:image\" content=\"https:\/\/smartrobot.ro\/wp-content\/uploads\/2021\/07\/X825.1.png\" \/>\n\t<meta property=\"og:image:width\" content=\"1000\" \/>\n\t<meta property=\"og:image:height\" content=\"1000\" \/>\n\t<meta property=\"og:image:type\" content=\"image\/png\" \/>\n<meta name=\"twitter:card\" content=\"summary_large_image\" \/>\n<meta name=\"twitter:label1\" content=\"Est. reading time\" \/>\n\t<meta name=\"twitter:data1\" content=\"3 minutes\" \/>\n<script type=\"application\/ld+json\" class=\"yoast-schema-graph\">{\"@context\":\"https:\\\/\\\/schema.org\",\"@graph\":[{\"@type\":\"WebPage\",\"@id\":\"https:\\\/\\\/smartrobot.ro\\\/produs\\\/kit-raspberry-pi-4-model-b-8-gb-combo-card-64-128-gb-cu-integrare-hdd-ssd-sata-2-5\\\/\",\"url\":\"https:\\\/\\\/smartrobot.ro\\\/produs\\\/kit-raspberry-pi-4-model-b-8-gb-combo-card-64-128-gb-cu-integrare-hdd-ssd-sata-2-5\\\/\",\"name\":\"Kit Raspberry PI 4 8GB, cu integrare HDD\\\/SSD SATA 2.5\",\"isPartOf\":{\"@id\":\"https:\\\/\\\/smartrobot.ro\\\/#website\"},\"primaryImageOfPage\":{\"@id\":\"https:\\\/\\\/smartrobot.ro\\\/produs\\\/kit-raspberry-pi-4-model-b-8-gb-combo-card-64-128-gb-cu-integrare-hdd-ssd-sata-2-5\\\/#primaryimage\"},\"image\":{\"@id\":\"https:\\\/\\\/smartrobot.ro\\\/produs\\\/kit-raspberry-pi-4-model-b-8-gb-combo-card-64-128-gb-cu-integrare-hdd-ssd-sata-2-5\\\/#primaryimage\"},\"thumbnailUrl\":\"https:\\\/\\\/smartrobot.ro\\\/wp-content\\\/uploads\\\/2021\\\/07\\\/X825.1.png\",\"datePublished\":\"2021-07-20T08:45:45+00:00\",\"dateModified\":\"2026-04-06T09:34:52+00:00\",\"description\":\"Kit Raspberry PI 4 8GB Combo, carcasa metalica cu ventilator si buton ON\\\/OFF, SD card 64\\\/128 GB, cu integrare HDD\\\/SSD SATA 2.5\\\".\",\"breadcrumb\":{\"@id\":\"https:\\\/\\\/smartrobot.ro\\\/produs\\\/kit-raspberry-pi-4-model-b-8-gb-combo-card-64-128-gb-cu-integrare-hdd-ssd-sata-2-5\\\/#breadcrumb\"},\"inLanguage\":\"en-US\",\"potentialAction\":[{\"@type\":\"ReadAction\",\"target\":[\"https:\\\/\\\/smartrobot.ro\\\/produs\\\/kit-raspberry-pi-4-model-b-8-gb-combo-card-64-128-gb-cu-integrare-hdd-ssd-sata-2-5\\\/\"]}]},{\"@type\":\"ImageObject\",\"inLanguage\":\"en-US\",\"@id\":\"https:\\\/\\\/smartrobot.ro\\\/produs\\\/kit-raspberry-pi-4-model-b-8-gb-combo-card-64-128-gb-cu-integrare-hdd-ssd-sata-2-5\\\/#primaryimage\",\"url\":\"https:\\\/\\\/smartrobot.ro\\\/wp-content\\\/uploads\\\/2021\\\/07\\\/X825.1.png\",\"contentUrl\":\"https:\\\/\\\/smartrobot.ro\\\/wp-content\\\/uploads\\\/2021\\\/07\\\/X825.1.png\",\"width\":1000,\"height\":1000},{\"@type\":\"BreadcrumbList\",\"@id\":\"https:\\\/\\\/smartrobot.ro\\\/produs\\\/kit-raspberry-pi-4-model-b-8-gb-combo-card-64-128-gb-cu-integrare-hdd-ssd-sata-2-5\\\/#breadcrumb\",\"itemListElement\":[{\"@type\":\"ListItem\",\"position\":1,\"name\":\"Prima pagin\u0103\",\"item\":\"https:\\\/\\\/smartrobot.ro\\\/\"},{\"@type\":\"ListItem\",\"position\":2,\"name\":\"Produse\",\"item\":\"https:\\\/\\\/smartrobot.ro\\\/produse\\\/\"},{\"@type\":\"ListItem\",\"position\":3,\"name\":\"Kit Raspberry PI 4 model B 8 GB Combo card 64\\\/128 GB cu integrare HDD\\\/SSD SATA 2.5\"}]},{\"@type\":\"WebSite\",\"@id\":\"https:\\\/\\\/smartrobot.ro\\\/#website\",\"url\":\"https:\\\/\\\/smartrobot.ro\\\/\",\"name\":\"SmartRobot\",\"description\":\"One step forward to STEAM education\",\"publisher\":{\"@id\":\"https:\\\/\\\/smartrobot.ro\\\/#organization\"},\"potentialAction\":[{\"@type\":\"SearchAction\",\"target\":{\"@type\":\"EntryPoint\",\"urlTemplate\":\"https:\\\/\\\/smartrobot.ro\\\/?s={search_term_string}\"},\"query-input\":{\"@type\":\"PropertyValueSpecification\",\"valueRequired\":true,\"valueName\":\"search_term_string\"}}],\"inLanguage\":\"en-US\"},{\"@type\":\"Organization\",\"@id\":\"https:\\\/\\\/smartrobot.ro\\\/#organization\",\"name\":\"DIGITAL ECONOMY DEVELOPMENT SRL\",\"url\":\"https:\\\/\\\/smartrobot.ro\\\/\",\"logo\":{\"@type\":\"ImageObject\",\"inLanguage\":\"en-US\",\"@id\":\"https:\\\/\\\/smartrobot.ro\\\/#\\\/schema\\\/logo\\\/image\\\/\",\"url\":\"https:\\\/\\\/smartrobot.ro\\\/wp-content\\\/uploads\\\/2021\\\/10\\\/SiglaSR.png\",\"contentUrl\":\"https:\\\/\\\/smartrobot.ro\\\/wp-content\\\/uploads\\\/2021\\\/10\\\/SiglaSR.png\",\"width\":250,\"height\":70,\"caption\":\"DIGITAL ECONOMY DEVELOPMENT SRL\"},\"image\":{\"@id\":\"https:\\\/\\\/smartrobot.ro\\\/#\\\/schema\\\/logo\\\/image\\\/\"},\"sameAs\":[\"https:\\\/\\\/www.facebook.com\\\/smartrbt\"]}]}<\/script>\n<!-- \/ Yoast SEO plugin. -->","yoast_head_json":{"title":"Kit Raspberry PI 4 8GB, cu integrare HDD\/SSD SATA 2.5","description":"Kit Raspberry PI 4 8GB Combo, carcasa metalica cu ventilator si buton ON\/OFF, SD card 64\/128 GB, cu integrare HDD\/SSD SATA 2.5\".","robots":{"index":"index","follow":"follow","max-snippet":"max-snippet:-1","max-image-preview":"max-image-preview:large","max-video-preview":"max-video-preview:-1"},"canonical":"https:\/\/smartrobot.ro\/en\/product\/kit-raspberry-pi-4-model-b-8-gb-combo-card-64-128-gb-cu-integrare-hdd-ssd-sata-2-5\/","og_locale":"en_US","og_type":"article","og_title":"Kit Raspberry PI 4 8GB, cu integrare HDD\/SSD SATA 2.5","og_description":"Kit Raspberry PI 4 8GB Combo, carcasa metalica cu ventilator si buton ON\/OFF, SD card 64\/128 GB, cu integrare HDD\/SSD SATA 2.5\".","og_url":"https:\/\/smartrobot.ro\/en\/product\/kit-raspberry-pi-4-model-b-8-gb-combo-card-64-128-gb-cu-integrare-hdd-ssd-sata-2-5\/","og_site_name":"SmartRobot","article_publisher":"https:\/\/www.facebook.com\/smartrbt","article_modified_time":"2026-04-06T09:34:52+00:00","og_image":[{"width":1000,"height":1000,"url":"https:\/\/smartrobot.ro\/wp-content\/uploads\/2021\/07\/X825.1.png","type":"image\/png"}],"twitter_card":"summary_large_image","twitter_misc":{"Est. reading time":"3 minutes"},"schema":{"@context":"https:\/\/schema.org","@graph":[{"@type":"WebPage","@id":"https:\/\/smartrobot.ro\/produs\/kit-raspberry-pi-4-model-b-8-gb-combo-card-64-128-gb-cu-integrare-hdd-ssd-sata-2-5\/","url":"https:\/\/smartrobot.ro\/produs\/kit-raspberry-pi-4-model-b-8-gb-combo-card-64-128-gb-cu-integrare-hdd-ssd-sata-2-5\/","name":"Kit Raspberry PI 4 8GB, cu integrare HDD\/SSD SATA 2.5","isPartOf":{"@id":"https:\/\/smartrobot.ro\/#website"},"primaryImageOfPage":{"@id":"https:\/\/smartrobot.ro\/produs\/kit-raspberry-pi-4-model-b-8-gb-combo-card-64-128-gb-cu-integrare-hdd-ssd-sata-2-5\/#primaryimage"},"image":{"@id":"https:\/\/smartrobot.ro\/produs\/kit-raspberry-pi-4-model-b-8-gb-combo-card-64-128-gb-cu-integrare-hdd-ssd-sata-2-5\/#primaryimage"},"thumbnailUrl":"https:\/\/smartrobot.ro\/wp-content\/uploads\/2021\/07\/X825.1.png","datePublished":"2021-07-20T08:45:45+00:00","dateModified":"2026-04-06T09:34:52+00:00","description":"Kit Raspberry PI 4 8GB Combo, carcasa metalica cu ventilator si buton ON\/OFF, SD card 64\/128 GB, cu integrare HDD\/SSD SATA 2.5\".","breadcrumb":{"@id":"https:\/\/smartrobot.ro\/produs\/kit-raspberry-pi-4-model-b-8-gb-combo-card-64-128-gb-cu-integrare-hdd-ssd-sata-2-5\/#breadcrumb"},"inLanguage":"en-US","potentialAction":[{"@type":"ReadAction","target":["https:\/\/smartrobot.ro\/produs\/kit-raspberry-pi-4-model-b-8-gb-combo-card-64-128-gb-cu-integrare-hdd-ssd-sata-2-5\/"]}]},{"@type":"ImageObject","inLanguage":"en-US","@id":"https:\/\/smartrobot.ro\/produs\/kit-raspberry-pi-4-model-b-8-gb-combo-card-64-128-gb-cu-integrare-hdd-ssd-sata-2-5\/#primaryimage","url":"https:\/\/smartrobot.ro\/wp-content\/uploads\/2021\/07\/X825.1.png","contentUrl":"https:\/\/smartrobot.ro\/wp-content\/uploads\/2021\/07\/X825.1.png","width":1000,"height":1000},{"@type":"BreadcrumbList","@id":"https:\/\/smartrobot.ro\/produs\/kit-raspberry-pi-4-model-b-8-gb-combo-card-64-128-gb-cu-integrare-hdd-ssd-sata-2-5\/#breadcrumb","itemListElement":[{"@type":"ListItem","position":1,"name":"Prima pagin\u0103","item":"https:\/\/smartrobot.ro\/"},{"@type":"ListItem","position":2,"name":"Produse","item":"https:\/\/smartrobot.ro\/produse\/"},{"@type":"ListItem","position":3,"name":"Kit Raspberry PI 4 model B 8 GB Combo card 64\/128 GB cu integrare HDD\/SSD SATA 2.5"}]},{"@type":"WebSite","@id":"https:\/\/smartrobot.ro\/#website","url":"https:\/\/smartrobot.ro\/","name":"SmartRobot","description":"One step forward to STEAM education","publisher":{"@id":"https:\/\/smartrobot.ro\/#organization"},"potentialAction":[{"@type":"SearchAction","target":{"@type":"EntryPoint","urlTemplate":"https:\/\/smartrobot.ro\/?s={search_term_string}"},"query-input":{"@type":"PropertyValueSpecification","valueRequired":true,"valueName":"search_term_string"}}],"inLanguage":"en-US"},{"@type":"Organization","@id":"https:\/\/smartrobot.ro\/#organization","name":"DIGITAL ECONOMY DEVELOPMENT SRL","url":"https:\/\/smartrobot.ro\/","logo":{"@type":"ImageObject","inLanguage":"en-US","@id":"https:\/\/smartrobot.ro\/#\/schema\/logo\/image\/","url":"https:\/\/smartrobot.ro\/wp-content\/uploads\/2021\/10\/SiglaSR.png","contentUrl":"https:\/\/smartrobot.ro\/wp-content\/uploads\/2021\/10\/SiglaSR.png","width":250,"height":70,"caption":"DIGITAL ECONOMY DEVELOPMENT SRL"},"image":{"@id":"https:\/\/smartrobot.ro\/#\/schema\/logo\/image\/"},"sameAs":["https:\/\/www.facebook.com\/smartrbt"]}]}},"jetpack_sharing_enabled":true,"_links":{"self":[{"href":"https:\/\/smartrobot.ro\/en\/wp-json\/wp\/v2\/product\/190","targetHints":{"allow":["GET"]}}],"collection":[{"href":"https:\/\/smartrobot.ro\/en\/wp-json\/wp\/v2\/product"}],"about":[{"href":"https:\/\/smartrobot.ro\/en\/wp-json\/wp\/v2\/types\/product"}],"replies":[{"embeddable":true,"href":"https:\/\/smartrobot.ro\/en\/wp-json\/wp\/v2\/comments?post=190"}],"wp:featuredmedia":[{"embeddable":true,"href":"https:\/\/smartrobot.ro\/en\/wp-json\/wp\/v2\/media\/3588"}],"wp:attachment":[{"href":"https:\/\/smartrobot.ro\/en\/wp-json\/wp\/v2\/media?parent=190"}],"wp:term":[{"taxonomy":"product_brand","embeddable":true,"href":"https:\/\/smartrobot.ro\/en\/wp-json\/wp\/v2\/product_brand?post=190"},{"taxonomy":"product_cat","embeddable":true,"href":"https:\/\/smartrobot.ro\/en\/wp-json\/wp\/v2\/product_cat?post=190"},{"taxonomy":"product_tag","embeddable":true,"href":"https:\/\/smartrobot.ro\/en\/wp-json\/wp\/v2\/product_tag?post=190"}],"curies":[{"name":"wp","href":"https:\/\/api.w.org\/{rel}","templated":true}]}}